{"id":2,"date":"2016-05-10T03:48:21","date_gmt":"2016-05-10T03:48:21","guid":{"rendered":"http:\/\/michelscontabilidade.com.br\/?page_id=2"},"modified":"2024-02-23T19:07:56","modified_gmt":"2024-02-23T19:07:56","slug":"sample-page","status":"publish","type":"page","link":"http:\/\/michelscontabilidade.com.br\/","title":{"rendered":"Sample Page"},"content":{"rendered":"<h4>Com 24 anos de comprometimento com o Munic\u00edpio de Alto Taquari e regi\u00e3o, nossa equipe preserva a tradi\u00e7\u00e3o e o respeito enquanto investe no futuro. A empresa MICHELS CONTABILIDADE orgulha-se de fazer parte da hist\u00f3ria de sucesso de diversos empres\u00e1rios e profissionais, mantendo sempre um atendimento personalizado por profissionais qualificados.<\/h4>\n\n\n<p><\/p>\n\n\n\n<figure class=\"wp-block-gallery aligncenter columns-2 is-cropped wp-block-gallery-1 is-layout-flex wp-block-gallery-is-layout-flex\"><ul class=\"blocks-gallery-grid\"><li class=\"blocks-gallery-item\"><figure><img loading=\"lazy\" decoding=\"async\" width=\"1024\" height=\"764\" src=\"http:\/\/michelscontabilidade.com.br\/wp-content\/uploads\/2024\/02\/fachada-MC-02_2024-1024x764.jpeg\" alt=\"\" data-id=\"78\" data-full-url=\"http:\/\/michelscontabilidade.com.br\/wp-content\/uploads\/2024\/02\/fachada-MC-02_2024.jpeg\" data-link=\"http:\/\/michelscontabilidade.com.br\/?attachment_id=78\" class=\"wp-image-78\" srcset=\"http:\/\/michelscontabilidade.com.br\/wp-content\/uploads\/2024\/02\/fachada-MC-02_2024-1024x764.jpeg 1024w, http:\/\/michelscontabilidade.com.br\/wp-content\/uploads\/2024\/02\/fachada-MC-02_2024-300x224.jpeg 300w, http:\/\/michelscontabilidade.com.br\/wp-content\/uploads\/2024\/02\/fachada-MC-02_2024-768x573.jpeg 768w, http:\/\/michelscontabilidade.com.br\/wp-content\/uploads\/2024\/02\/fachada-MC-02_2024.jpeg 1254w\" sizes=\"auto, (max-width: 1024px) 100vw, 1024px\" \/><figcaption class=\"blocks-gallery-item__caption\">Sede da Empresa em Alto Taquari-MT<\/figcaption><\/figure><\/li><li class=\"blocks-gallery-item\"><figure><img decoding=\"async\" src=\"http:\/\/michelscontabilidade.com.br\/wp-content\/uploads\/2024\/02\/foto-MC-revista-2-1024x682.jpg\" alt=\"\" data-id=\"64\" data-full-url=\"http:\/\/michelscontabilidade.com.br\/wp-content\/uploads\/2024\/02\/foto-MC-revista-2.jpg\" data-link=\"http:\/\/michelscontabilidade.com.br\/?attachment_id=64\" class=\"wp-image-64\"\/><figcaption class=\"blocks-gallery-item__caption\">S\u00f3cios-Fundadores da Empresa MICHELS CONTABILIDADE LTDA<\/figcaption><\/figure><\/li><\/ul><\/figure>\n\n\n\n<p><\/p>\n","protected":false},"excerpt":{"rendered":"<p>Com 24 anos de comprometimento com o Munic\u00edpio de Alto Taquari e regi\u00e3o, nossa equipe preserva a tradi\u00e7\u00e3o e o respeito enquanto investe no futuro. A empresa MICHELS CONTABILIDADE orgulha-se de fazer parte da hist\u00f3ria de sucesso de diversos empres\u00e1rios e profissionais, mantendo sempre um atendimento personalizado por profissionais qualificados.<\/p>\n","protected":false},"author":1,"featured_media":0,"parent":0,"menu_order":0,"comment_status":"closed","ping_status":"open","template":"","meta":{"footnotes":""},"class_list":["post-2","page","type-page","status-publish","hentry"],"_links":{"self":[{"href":"http:\/\/michelscontabilidade.com.br\/index.php?rest_route=\/wp\/v2\/pages\/2","targetHints":{"allow":["GET"]}}],"collection":[{"href":"http:\/\/michelscontabilidade.com.br\/index.php?rest_route=\/wp\/v2\/pages"}],"about":[{"href":"http:\/\/michelscontabilidade.com.br\/index.php?rest_route=\/wp\/v2\/types\/page"}],"author":[{"embeddable":true,"href":"http:\/\/michelscontabilidade.com.br\/index.php?rest_route=\/wp\/v2\/users\/1"}],"replies":[{"embeddable":true,"href":"http:\/\/michelscontabilidade.com.br\/index.php?rest_route=%2Fwp%2Fv2%2Fcomments&post=2"}],"version-history":[{"count":9,"href":"http:\/\/michelscontabilidade.com.br\/index.php?rest_route=\/wp\/v2\/pages\/2\/revisions"}],"predecessor-version":[{"id":89,"href":"http:\/\/michelscontabilidade.com.br\/index.php?rest_route=\/wp\/v2\/pages\/2\/revisions\/89"}],"wp:attachment":[{"href":"http:\/\/michelscontabilidade.com.br\/index.php?rest_route=%2Fwp%2Fv2%2Fmedia&parent=2"}],"curies":[{"name":"wp","href":"https:\/\/api.w.org\/{rel}","templated":true}]}}